{"id":488,"date":"2017-05-29T09:07:18","date_gmt":"2017-05-29T09:07:18","guid":{"rendered":"http:\/\/indrayoga.eu\/?page_id=488"},"modified":"2017-12-27T10:49:02","modified_gmt":"2017-12-27T10:49:02","slug":"nujome2017","status":"publish","type":"page","link":"https:\/\/indrayoga.eu\/ru\/contacts\/events\/nujome2017\/","title":{"rendered":"N\u016bJoMe\u2122: \u0421\u0435\u0432\u0435\u0440\u043d\u0430\u044f \u0425\u043e\u0434\u044c\u0431\u0430 + \u0419\u043e\u0433\u0430 + \u041c\u0435\u0434\u0438\u0442\u0430\u0446\u0438\u044f = Nordic Walking Camp 2017 \u0441 30 \u0438\u044e\u043d\u044f \u043f\u043e 2 \u0438\u044e\u043b\u044f"},"content":{"rendered":"<p>\u041f\u043e \u043c\u043d\u043e\u0433\u043e\u0447\u0438\u0441\u043b\u0435\u043d\u043d\u044b\u043c \u043f\u0440\u043e\u0441\u044c\u0431\u0430\u043c \u0443\u0447\u0430\u0441\u0442\u043d\u0438\u043a\u043e\u0432 1-\u0433\u043e \u043c\u0435\u0436\u0434\u0443\u043d\u0430\u0440\u043e\u0434\u043d\u043e\u0433\u043e \u041b\u0430\u0433\u0435\u0440\u044f \u0421\u0435\u0432\u0435\u0440\u043d\u043e\u0439 \u0425\u043e\u0434\u044c\u0431\u044b N\u016bJoMe-2016 \u2013 \u043c\u044b \u043f\u0440\u0438\u0433\u043b\u0430\u0448\u0430\u0435\u043c \u043d\u0430 \u043d\u043e\u0432\u043e\u0435 \u043c\u0435\u0440\u043e\u043f\u0440\u0438\u044f\u0442\u0438\u0435:<\/p>\n<p><strong>2-\u043e\u0439 \u043c\u0435\u0436\u0434\u0443\u043d\u0430\u0440\u043e\u0434\u043d\u044b\u0439 \u041b\u0430\u0433\u0435\u0440\u044c \u0421\u0435\u0432\u0435\u0440\u043d\u043e\u0439 \u0425\u043e\u0434\u044c\u0431\u044b, <\/strong><\/p>\n<p><strong>\u0439\u043e\u0433\u0438 \u0438 \u043c\u0435\u0434\u0438\u0442\u0430\u0446\u0438\u0438 <\/strong><strong>N\u016bJoMe\u2122-2017 <\/strong><\/p>\n<p><strong>\u0432 \u041b\u0430\u0442\u0433\u0430\u043b\u0438\u0438, \u041b\u0430\u0442\u0432\u0438\u044f<\/strong><strong>!<\/strong><\/p>\n<p><strong>30 \u0438\u044e\u043d\u044f- 1-2 \u0438\u044e\u043b\u044f 2017 \u0433\u043e\u0434\u0430.<\/strong><\/p>\n<p><a href=\"http:\/\/indrayoga.eu\/wp-content\/uploads\/2017\/02\/NuJoMe2017-logo.png\"><img loading=\"lazy\" decoding=\"async\" class=\"alignleft size-medium wp-image-522\" src=\"http:\/\/indrayoga.eu\/wp-content\/uploads\/2017\/02\/NuJoMe2017-logo-300x266.png\" alt=\"\" width=\"300\" height=\"266\" srcset=\"https:\/\/indrayoga.eu\/wp-content\/uploads\/2017\/02\/NuJoMe2017-logo-300x266.png 300w, https:\/\/indrayoga.eu\/wp-content\/uploads\/2017\/02\/NuJoMe2017-logo.png 656w\" sizes=\"auto, (max-width: 300px) 100vw, 300px\" \/><\/a><\/p>\n<p>\u0423\u043d\u0438\u043a\u0430\u043b\u044c\u043d\u043e\u0435 \u0441\u043e\u0447\u0435\u0442\u0430\u043d\u0438\u0435 3 \u043f\u0440\u0430\u043a\u0442\u0438\u043a \u0434\u043b\u044f \u0442\u0435\u043b\u0430 \u0438 \u0434\u0443\u0445\u0430 &#8211; \u0441\u0435\u0432\u0435\u0440\u043d\u0430\u044f \u0445\u043e\u0434\u044c\u0431\u0430 \u0441 \u043f\u0430\u043b\u043a\u0430\u043c\u0438 (Nordic Walking \u0438\u043b\u0438 n\u016bjo\u0161ana), \u0439\u043e\u0433\u0430 \u0438 \u043c\u0435\u0434\u0438\u0442\u0430\u0446\u0438\u044f \u0432 \u0443\u043d\u0438\u043a\u0430\u043b\u044c\u043d\u043e\u043c \u043c\u0435\u0441\u0442\u0435.<\/p>\n<p>3 \u0434\u043d\u044f \u0432 \u041b\u0430\u0442\u0433\u0430\u043b\u0438\u0438 \u0443 \u043e\u0437\u0435\u0440\u0430 \u041b\u0443\u0431\u0430\u043d\u0441, 3 \u043f\u0440\u0430\u043a\u0442\u0438\u043a\u0438.<\/p>\n<p>\u041c\u0430\u0433\u0438\u0447\u0435\u0441\u043a\u0438\u0435 \u043f\u0440\u043e\u0441\u0442\u043e\u0440\u044b \u043a\u0440\u0443\u043f\u043d\u0435\u0439\u0448\u0435\u0433\u043e \u043e\u0437\u0435\u0440\u0430 \u041b\u0430\u0442\u0432\u0438\u0438 &#8211; \u041b\u0443\u0431\u0430\u043d\u0441 \u0432 \u041b\u0430\u0442\u0433\u0430\u043b\u0438\u0438 &#8211; \u0438\u0434\u0435\u0430\u043b\u044c\u043d\u043e\u0435 \u043f\u0440\u043e\u0441\u0442\u0440\u0430\u043d\u0441\u0442\u0432\u043e \u0434\u043b\u044f \u0438\u0437\u0443\u0447\u0435\u043d\u0438\u044f \u0441\u0435\u0431\u044f, \u043e\u043a\u0440\u0443\u0436\u0430\u044e\u0449\u0435\u0433\u043e \u043c\u0438\u0440\u0430 \u0438 \u0431\u043b\u0438\u0437\u043a\u0438\u0445 \u043f\u043e \u0434\u0443\u0445\u0443 \u043b\u044e\u0434\u0435\u0439.<\/p>\n<p>3 \u0434\u043d\u044f &#8211; 3 \u043f\u0440\u0430\u043a\u0442\u0438\u043a\u0438. \u0412\u0437\u0430\u0438\u043c\u043e\u0434\u043e\u043f\u043e\u043b\u043d\u044f\u044e\u0449\u0430\u044f \u043f\u0440\u043e\u0433\u0440\u0430\u043c\u043c\u0430 \u0432\u0441\u0435\u0441\u0442\u043e\u0440\u043e\u043d\u043d\u0435\u0433\u043e \u0440\u0430\u0437\u0432\u0438\u0442\u0438\u044f \u0447\u0435\u043b\u043e\u0432\u0435\u043a\u0430 \u043d\u0430 \u0444\u0438\u0437\u0438\u0447\u0435\u0441\u043a\u043e\u043c, \u044d\u043c\u043e\u0446\u0438\u043e\u043d\u0430\u043b\u044c\u043d\u043e\u043c \u0438 \u0434\u0443\u0445\u043e\u0432\u043d\u043e\u043c \u043f\u043b\u0430\u043d\u0430\u0445.<\/p>\n<p>\u0412\u0435\u0434\u0443\u0449\u0438\u0435 \u0442\u0440\u0435\u043d\u0435\u0440\u044b, \u0438\u043d\u0441\u0442\u0440\u0443\u043a\u0442\u043e\u0440\u044b \u0438 \u043f\u0440\u0435\u043f\u043e\u0434\u0430\u0432\u0430\u0442\u0435\u043b\u0438.<\/p>\n<p>\u041e\u0441\u043d\u043e\u0432\u043d\u043e\u0435 \u043c\u0435\u0441\u0442\u043e \u043f\u0440\u043e\u0432\u0435\u0434\u0435\u043d\u0438\u044f \u2013 \u043a\u0440\u0443\u043f\u043d\u0435\u0439\u0448\u0435\u0435 \u043e\u0437\u0435\u0440\u043e \u041b\u0430\u0442\u0432\u0438\u0438 &#8211; \u041b\u0443\u0431\u0430\u043d\u0441, \u0426\u0435\u043d\u0442\u0440 \u0440\u0430\u0437\u0432\u0438\u0442\u0438\u044f \u0432\u043e\u0434\u043d\u043e\u0433\u043e \u0442\u0443\u0440\u0438\u0437\u043c\u0430 <strong>\u201eB\u0100KA\u201d (<\/strong>\u016adens t\u016brisma attist\u012bbas centrs <strong>\u201eB\u0100KA\u201d)<\/strong>, \u043c\u0435\u0436\u0434\u0443 \u0420\u0435\u0437\u0435\u043a\u043d\u0435 \u0438 \u041c\u0430\u0434\u043e\u043d\u043e\u0439.<\/p>\n<p>\u041f\u043e\u0445\u043e\u0434\u044b \u0441 \u043f\u0430\u043b\u043a\u0430\u043c\u0438 \u0432\u0434\u043e\u043b\u044c \u043e\u0437\u0435\u0440\u0430, \u043f\u043e \u043b\u0435\u0441\u0443 \u0438 \u0433\u0440\u0430\u0432\u0438\u0439\u043d\u043e\u0439 \u0434\u043e\u0440\u043e\u0433\u0435.<\/p>\n<p>\u0420\u0430\u0437\u043d\u044b\u0435 \u0443\u0440\u043e\u0432\u043d\u0438 \u0441\u043b\u043e\u0436\u043d\u043e\u0441\u0442\u0438 &#8211; 1) \u0434\u043b\u044f \u043d\u0430\u0447\u0438\u043d\u0430\u044e\u0449\u0438\u0445, 2) \u0434\u043b\u044f \u0443\u0436\u0435 \u0432\u043b\u0430\u0434\u0435\u044e\u0449\u0438\u0445 \u0442\u0435\u0445\u043d\u0438\u043a\u043e\u0439 \u0441\u0435\u0432\u0435\u0440\u043d\u043e\u0439 \u0445\u043e\u0434\u044c\u0431\u044b \u0438 3) \u0434\u043b\u044f \u0441\u0435\u0440\u044c\u0451\u0437\u043d\u044b\u0445 \u044d\u043d\u0442\u0443\u0437\u0438\u0430\u0441\u0442\u043e\u0432.<\/p>\n<p><a href=\"http:\/\/indrayoga.eu\/wp-content\/uploads\/2017\/05\/NuJoMe_17_ru.jpg\"><img loading=\"lazy\" decoding=\"async\" class=\"alignleft size-medium wp-image-525\" src=\"http:\/\/indrayoga.eu\/wp-content\/uploads\/2017\/05\/NuJoMe_17_ru-213x300.jpg\" alt=\"\" width=\"213\" height=\"300\" srcset=\"https:\/\/indrayoga.eu\/wp-content\/uploads\/2017\/05\/NuJoMe_17_ru-213x300.jpg 213w, https:\/\/indrayoga.eu\/wp-content\/uploads\/2017\/05\/NuJoMe_17_ru-768x1080.jpg 768w, https:\/\/indrayoga.eu\/wp-content\/uploads\/2017\/05\/NuJoMe_17_ru-728x1024.jpg 728w, https:\/\/indrayoga.eu\/wp-content\/uploads\/2017\/05\/NuJoMe_17_ru.jpg 1750w\" sizes=\"auto, (max-width: 213px) 100vw, 213px\" \/><\/a><\/p>\n<p>\u041f\u0440\u043e\u0436\u0438\u0432\u0430\u043d\u0438\u0435 \u0432 \u0434\u043e\u043c\u0435 \u0438\u043b\u0438 \u0432 \u043a\u0435\u043c\u043f\u0438\u043d\u0433\u0435 \u0432 \u043f\u0430\u043b\u0430\u0442\u043a\u0435.<br \/>\n\u0412\u0441\u0435 \u0443\u0434\u043e\u0431\u0441\u0442\u0432\u0430 \u0432 \u0434\u043e\u043c\u0435 (\u0434\u043e 20 \u043c\u0435\u0441\u0442) \u0438 \u043e\u0442\u0434\u0435\u043b\u044c\u043d\u043e \u0432\u0441\u0435 \u0443\u0434\u043e\u0431\u0441\u0442\u0432\u0430 (\u0442\u0443\u0430\u043b\u0435\u0442 \u0438 \u0434\u0443\u0448) \u0434\u043b\u044f \u043f\u0440\u043e\u0436\u0438\u0432\u0430\u044e\u0449\u0438\u0445 \u0432 \u043a\u0435\u043c\u043f\u0438\u043d\u0433\u0435 (\u043e\u0442 20 \u0434\u043e 40 \u043c\u0435\u0441\u0442).<\/p>\n<p><strong>\u0421\u0442\u043e\u0438\u043c\u043e\u0441\u0442\u044c \u0443\u0447\u0430\u0441\u0442\u0438\u044f:<\/strong><\/p>\n<p><strong>3 \u0434\u043d\u044f &#8211; 75 \u0435\u0432\u0440\u043e\/2 \u0434\u043d\u044f &#8211; 65 \u0435\u0432\u0440\u043e\/1 \u0434\u0435\u043d\u044c &#8211; 55 \u0435\u0432\u0440\u043e.<br \/>\n<\/strong>\u0412 \u0446\u0435\u043d\u0443 \u0432\u043a\u043b\u044e\u0447\u0435\u043d\u043e: \u0443\u0447\u0430\u0441\u0442\u0438\u0435 \u0432 \u043f\u043e\u0445\u043e\u0434\u0430\u0445, \u0438\u043d\u0441\u0442\u0440\u0443\u043a\u0442\u0430\u0436, \u0437\u0430\u043d\u044f\u0442\u0438\u044f \u0439\u043e\u0433\u043e\u0439, \u043c\u0435\u0434\u0438\u0442\u0430\u0446\u0438\u044f, \u043d\u043e\u0447\u0435\u0432\u043a\u0430 \u0432 \u043a\u0435\u043c\u043f\u0438\u043d\u0433\u0435 &#8220;B\u0100KA&#8221; \u0432 \u0441\u0432\u043e\u0435\u0439 \u043f\u0430\u043b\u0430\u0442\u043a\u0435 \u0438\u043b\u0438 \u0432 \u043f\u043e\u043c\u0435\u0449\u0435\u043d\u0438\u044f\u0445 \u0426\u0435\u043d\u0442\u0440\u0430 \u0432 \u0441\u0432\u043e\u0435\u043c \u0441\u043f\u0430\u043b\u044c\u043d\u043e\u043c \u043c\u0435\u0448\u043a\u0435, <span style=\"text-decoration: underline;\">\u043f\u0438\u0442\u0430\u043d\u0438\u0435<\/span>.<br \/>\n<strong><br \/>\n\u0414\u043b\u044f \u0434\u0435\u0442\u0435\u0439 5-12 \u043b\u0435\u0442 \u0431\u0443\u0434\u0435\u0442 \u043e\u0431\u0435\u0441\u043f\u0435\u0447\u0435\u043d\u0430 \u043e\u0441\u043e\u0431\u0430\u044f \u043f\u0440\u043e\u0433\u0440\u0430\u043c\u043c\u0430 \u0438 \u043f\u0440\u0438\u0441\u043c\u043e\u0442\u0440.<br \/>\n<\/strong><\/p>\n<p><strong>\u0414\u0435\u0442\u0438 \u0434\u043e 5 \u043b\u0435\u0442 &#8211; \u0443\u0447\u0430\u0441\u0442\u0438\u0435 \u0431\u0435\u0441\u043f\u043b\u0430\u0442\u043d\u043e.<br \/>\n<\/strong><\/p>\n<p><strong>\u041f\u043b\u0430\u0442\u0430 \u0437\u0430 \u0443\u0447\u0430\u0441\u0442\u0438\u0435 \u0434\u0435\u0442\u0435\u0439 5 &#8211; 12 \u043b\u0435\u0442: <\/strong><strong>3 \u0434\u043d\u044f &#8211; 55 \u0435\u0432\u0440\u043e\/2 \u0434\u043d\u044f &#8211; 45 \u0435\u0432\u0440\u043e\/1 \u0434\u0435\u043d\u044c &#8211; 35 \u0435\u0432\u0440\u043e. <\/strong><\/p>\n<p>\u041e\u043f\u043b\u0430\u0442\u0443 \u0437\u0430 \u0443\u0447\u0430\u0441\u0442\u0438\u0435 \u043f\u0440\u043e\u0441\u044c\u0431\u0430 \u043f\u0440\u043e\u0438\u0437\u0432\u043e\u0434\u0438\u0442\u044c \u043d\u0430 \u0431\u0430\u043d\u043a\u043e\u0432\u0441\u043a\u0438\u0439 \u0441\u0447\u0435\u0442 \u043d\u0430\u0448\u0435\u0439 \u043e\u0431\u0449\u0435\u0441\u0442\u0432\u0435\u043d\u043d\u043e\u0439 \u043e\u0440\u0433\u0430\u043d\u0438\u0437\u0430\u0446\u0438\u0438 Biedr\u012bba \u201cCilv\u0113ka att\u012bst\u012bbas centrs\u201d\u00a0(re\u0123.Nr. 40008213147) \u0441\u0447\u0435\u0442:\u00a0<strong>LV42PRTT0256021021300, AS PrivatBank.<\/strong><\/p>\n<h1 style=\"text-align: center;\"><em><strong>\u041f\u0420\u041e\u0413\u0420\u0410\u041c\u041c\u0410<\/strong><\/em><\/h1>\n<p><em><u>\u041f\u0440\u043e\u0433\u0440\u0430\u043c\u043c\u0430 \u043b\u0435\u0442\u043d\u0435\u0433\u043e \u043b\u0430\u0433\u0435\u0440\u044f\u00a0<strong>(\u0434\u043e\u043f\u043e\u043b\u043d\u044f\u0435\u0442\u0441\u044f&#8230;:)<\/strong><\/u><\/em><\/p>\n<p><em><strong>\u043f\u044f\u0442\u043d\u0438\u0446\u0430, 30 \u0438\u044e\u043d\u044f 2017 \u0433\u043e\u0434\u0430\u00a0<\/strong><\/em><\/p>\n<p>15:00-18:00 \u2013\u00a0\u0437\u0430\u0435\u0437\u0434<\/p>\n<p>18:00 \u2013\u00a0\u0441\u043e\u0432\u043c\u0435\u0441\u0442\u043d\u044b\u0439 \u0443\u0436\u0438\u043d<\/p>\n<p>19:00 \u2013 22:00 \u2013\u00a0\u043a\u043e\u0441\u0442\u0435\u0440, \u0437\u043d\u0430\u043a\u043e\u043c\u0441\u0442\u0432\u043e, \u043a\u043e\u043d\u0446\u0435\u0440\u0442 (\u043c\u0435\u0441\u0442\u043d\u044b\u0435 \u043c\u0443\u0437\u044b\u043a\u0430\u043d\u0442\u044b)<\/p>\n<p>22:00 &#8211; 22:30 \u2013\u00a0\u043c\u0435\u0434\u0438\u0442\u0430\u0446\u0438\u044f \u043d\u0430 \u0437\u0430\u043a\u0430\u0442, \u0434\u044b\u0445\u0430\u0442\u0435\u043b\u044c\u043d\u044b\u0435 \u0443\u043f\u0440\u0430\u0436\u043d\u0435\u043d\u0438\u044f (\u043f\u0440\u0430\u043d\u0430\u044f\u043c\u0430) &#8211;\u00a0<a href=\"http:\/\/www.hathajoga.lv\/staff-view\/aleksandrs-lahtionovs\/\">Aleksandrs Lahtionovs<\/a><\/p>\n<p>23:00 \u2013\u00a0\u043e\u0442\u0431\u043e\u0439<\/p>\n<p><em><strong>\u0441\u0443\u0431\u0431\u043e\u0442\u0430, 1 \u0438\u044e\u043b\u044f 2017 \u0433\u043e\u0434\u0430<\/strong><\/em><\/p>\n<p>04:45 &#8211; 05:15 \u2013 \u043c\u0435\u0434\u0438\u0442\u0430\u0446\u0438\u044f \u043d\u0430 \u0440\u0430\u0441\u0441\u0432\u0435\u0442\u0435, \u043f\u0440\u0430\u043d\u0430\u044f\u043c\u0430\u00a0&#8211; <a href=\"http:\/\/www.hathajoga.lv\/staff-view\/aleksandrs-lahtionovs\/\">Aleksandrs Lahtionovs<\/a><\/p>\n<p>05:15 \u2013 06:45 \u2013 \u0439\u043e\u0433\u0430-\u0442\u0435\u0440\u0430\u043f\u0435\u0432\u0442\u0438\u0447\u0438\u0447\u0435\u0441\u043a\u0430\u044f \u0433\u0438\u043c\u043d\u0430\u0441\u0442\u0438\u043a\u0430\/\u0445\u0430\u0442\u0445\u0430-\u0439\u043e\u0433\u0430\u00a0&#8211; <a href=\"http:\/\/www.hathajoga.lv\/staff-view\/aleksandrs-lahtionovs\/\">Aleksandrs Lahtionovs<\/a><\/p>\n<p>07:00 &#8211; 08:30 \u2013 \u041a\u0443\u043d\u0434\u0430\u043b\u0438\u043d\u0438-\u0439\u043e\u0433\u0430\u00a0&#8211; <a href=\"http:\/\/indrayoga.eu\/contacts\/events\/nujome2017\/agnese-vejavilka-kalnina\/\">Agnese V\u0113javilka Kalni\u0146\u0101<\/a><\/p>\n<p>09:00 \u2013 10:00 \u2013\u00a0\u0437\u0430\u0432\u0442\u0440\u0430\u043a<\/p>\n<p>10:00 \u2013 10:45 \u2013 \u043e\u0431\u0443\u0447\u0435\u043d\u0438\u0435 &#8211; \u0442\u0435\u0445\u043d\u0438\u043a\u0430 &#8220;10 \u0448\u0430\u0433\u043e\u0432 INWA&#8221;, \u0440\u0430\u0437\u043e\u0433\u0440\u0435\u0432\u00a0\u2013 <a href=\"http:\/\/indrayoga.eu\/contacts\/events\/nujome2017\/galina-gorbatenkova\/\">Ga\u013cina Gorbatenkova<\/a> \/<a href=\"http:\/\/www.hathajoga.lv\/staff-view\/aleksandrs-lahtionovs\/\">Aleksandrs Lahtionovs<\/a> (<a href=\"http:\/\/sportsvisiem.lv\/viss-par-nujosanu\/\">LTSA\/INWA<\/a>)<\/p>\n<p>10:45 &#8211; 11:00 \u2013\u00a0\u0447\u0430\u0439\/\u043a\u043e\u0444\u0435, \u043f\u043e\u0434\u0433\u043e\u0442\u043e\u0432\u043a\u0430 \u043a \u043f\u043e\u0445\u043e\u0434\u0443 \u0441 \u043f\u0430\u043b\u043a\u0430\u043c\u0438<\/p>\n<p>11:00 &#8211; 12:30 \u2013\u00a0\u0421\u0435\u0432\u0435\u0440\u043d\u0430\u044f \u0425\u043e\u0434\u044c\u0431\u0430 \u0441 \u043f\u0430\u043b\u043a\u0430\u043c\u0438 \u0434\u043e \u043f\u043b\u044f\u0436\u0430<\/p>\n<p>13:00 &#8211; 15:00 \u2013\u00a0\u043e\u0431\u0435\u0434-\u043f\u0438\u043a\u043d\u0438\u043a, \u0441\u0432\u043e\u0431\u043e\u0434\u043d\u043e\u0435 \u0432\u0440\u0435\u043c\u044f, \u043f\u043b\u044f\u0436<\/p>\n<p>15:00 \u2013 16:30 \u2013 \u0421\u0435\u0432\u0435\u0440\u043d\u0430\u044f \u0445\u043e\u0434\u044c\u0431\u0430 \u0441 \u043f\u0430\u043b\u043a\u0430\u043c\u0438 \u0434\u043e \u0426\u0435\u043d\u0442\u0440\u0430 &#8220;B\u0100KA&#8221;.<\/p>\n<p>16:30 &#8211; 17:00 &#8211;\u00a0\u0447\u0430\u0439\/\u043a\u043e\u0444\u0435, \u043f\u043e\u043b\u0434\u043d\u0438\u043a<\/p>\n<p>17:00 &#8211; 18:00 \u2013 \u041a\u0430\u043b\u0435\u043d\u0434\u0430\u0440\u044c \u0438\u043d\u0434\u0435\u0439\u0446\u0435\u0432 \u041c\u0430\u0439\u044f\u00a0&#8211; <a href=\"http:\/\/indrayoga.eu\/contacts\/events\/nujome2017\/agnese-vejavilka-kalnina\/\">Agnese V\u0113javilka Kalni\u0146\u0101<\/a><\/p>\n<p>18:00 \u2013\u00a0\u0443\u0436\u0438\u043d<\/p>\n<p>19:00 \u2013 22:00 \u2013 \u0422\u0430\u043d\u0435\u0446 \u0441 \u0441\u0430\u043a\u0440\u0430\u043b\u044c\u043d\u044b\u043c\u0438 \u044d\u043b\u0435\u043c\u0435\u043d\u0442\u0430\u043c\u0438\u00a0&#8211; <a href=\"http:\/\/indrayoga.eu\/contacts\/events\/nujome2017\/agnese-vejavilka-kalnina\/\">Agnese V\u0113javilka Kalni\u0146\u0101<\/a><\/p>\n<p>22:00 &#8211; 22:30 \u2013 \u043c\u0435\u0434\u0438\u0442\u0430\u0446\u0438\u044f \u043d\u0430 \u0437\u0430\u043a\u0430\u0442, \u0434\u044b\u0445\u0430\u0442\u0435\u043b\u044c\u043d\u044b\u0435 \u0443\u043f\u0440\u0430\u0436\u043d\u0435\u043d\u0438\u044f (\u043f\u0440\u0430\u043d\u0430\u044f\u043c\u0430) &#8211; <a href=\"http:\/\/www.hathajoga.lv\/staff-view\/aleksandrs-lahtionovs\/\">Aleksandrs Lahtionovs<\/a><\/p>\n<p>23:00 \u2013\u00a0\u043e\u0442\u0431\u043e\u0439<\/p>\n<p><em><strong>\u0432\u043e\u0441\u043a\u0440\u043a\u0441\u0435\u043d\u044c\u0435, 2 \u0438\u044e\u043b\u044f 2017 \u0433\u043e\u0434\u0430<\/strong><\/em><\/p>\n<p>04:45 &#8211; 05:15 \u2013\u043c\u0435\u0434\u0438\u0442\u0430\u0446\u0438\u044f \u043d\u0430 \u0440\u0430\u0441\u0441\u0432\u0435\u0442\u0435, \u043f\u0440\u0430\u043d\u0430\u044f\u043c\u0430 &#8211; <a href=\"http:\/\/www.hathajoga.lv\/staff-view\/aleksandrs-lahtionovs\/\">Aleksandrs Lahtionovs<\/a><\/p>\n<p>05:30 \u2013 07:30 &#8211; \u0439\u043e\u0433\u0430\/\u043f\u0440\u0430\u043d\u0430\u044f\u043c\u0430\u00a0&#8211; <a href=\"http:\/\/indrayoga.eu\/contacts\/events\/nujome2017\/ilze-selecka\/\">Ilze Selecka<\/a><\/p>\n<p>07:30 &#8211; 08:00 \u2013\u00a0\u0437\u0430\u0432\u0442\u0440\u0430\u043a<\/p>\n<p>08:00 \u2013 09:00 \u2013 \u0410\u044e\u0440\u0432\u0435\u0434\u0430 \u0432 \u041b\u0430\u0442\u0432\u0438\u0438 &#8211; <a href=\"http:\/\/indrayoga.eu\/contacts\/events\/nujome2017\/ilze-selecka\/\">Ilze Selecka<\/a><\/p>\n<p>09:00- 09:30 &#8211;\u00a0\u041e\u0441\u0432\u043e\u0431\u043e\u0436\u0434\u0430\u0435\u043c \u043f\u043e\u043c\u0435\u0449\u0435\u043d\u0438\u044f, \u0441\u043e\u0431\u0438\u0440\u0430\u0435\u043c \u0432\u0435\u0449\u0438<\/p>\n<p>09:30 \u2013 10:00 \u2013\u00a0\u0447\u0430\u0439\/\u043a\u043e\u0444\u0435, \u043f\u043e\u0434\u0433\u043e\u0442\u043e\u0432\u043a\u0430 \u043a \u043f\u043e\u0445\u043e\u0434\u0443<\/p>\n<p>10:00 \u2013 16:00 &#8211; \u0421\u0435\u0432\u0435\u0440\u043d\u0430\u044f \u0425\u043e\u0434\u044c\u0431\u0430\/\u043f\u043e\u0445\u043e\u0434 \u0441 \u0433\u0438\u0434\u043e\u043c \u0441\u043e\u043e\u0431\u0449\u0435\u0441\u0442\u0432\u0430 <a href=\"http:\/\/indrayoga.eu\/contacts\/events\/nujome2017\/purvu-brideji\/\">&#8220;Purvu brid\u0113ji&#8221; (\u0425\u043e\u0434\u043e\u043a\u0438 \u043f\u043e \u0431\u043e\u043b\u043e\u0442\u0430\u043c) &#8211;<\/a>\u00a0<a href=\"http:\/\/www.purvubrideji.lv\/lv\/salas-purvs\/\">\u043d\u0430 \u0431\u043e\u043b\u043e\u0442\u043e\u00a0Salas Purvs<\/a> &#8211; \u043e\u0431\u0435\u0434\/\u043f\u0438\u043a\u043d\u0438\u043a\u00a0<em><strong>(\u041d\u0430 \u0431\u043e\u043b\u043e\u0442\u0435 \u043f\u043e\u043d\u0430\u0434\u043e\u0431\u044f\u0442\u0441\u044f \u0440\u0435\u0437\u0438\u043d\u043e\u0432\u044b\u0435 \u0441\u0430\u043f\u043e\u0433\u0438 \u0438\u043b\u0438 \u043d\u0435\u043f\u0440\u043e\u043c\u043e\u043a\u0430\u0435\u043c\u044b\u0435 \u0442\u0440\u0435\u043a\u043a\u0438\u043d\u0433\u043e\u0432\u044b\u0435 \u0431\u043e\u0442\u0438\u043d\u043a\u0438, \u0447\u0442\u043e\u0431\u044b \u043d\u0435 \u043d\u0430\u043c\u043e\u043a\u043b\u0438 \u043d\u043e\u0433\u0438).\u00a0<\/strong><\/em><\/p>\n<p>16:00 &#8211; 17:00 \u2013\u00a0\u043e\u0431\u0449\u0438\u0439 \u0441\u0431\u043e\u0440 \u0432 &#8220;B\u0100KA&#8221;, \u043f\u043e\u043b\u0434\u043d\u0438\u043a, \u0446\u0435\u0440\u0435\u043c\u043e\u043d\u0438\u044f \u0437\u0430\u043a\u0440\u044b\u0442\u0438\u044f \u043b\u0430\u0433\u0435\u0440\u044f<\/p>\n<p>17:00 -\u2026\u00a0\u0441\u0432\u043e\u0431\u043e\u0434\u043d\u043e\u0435 \u0432\u0440\u0435\u043c\u044f, \u043f\u043b\u044f\u0436, \u043e\u0442\u0431\u044b\u0442\u0438\u0435.<\/p>","protected":false},"excerpt":{"rendered":"<p>\u041f\u043e \u043c\u043d\u043e\u0433\u043e\u0447\u0438\u0441\u043b\u0435\u043d\u043d\u044b\u043c \u043f\u0440\u043e\u0441\u044c\u0431\u0430\u043c \u0443\u0447\u0430\u0441\u0442\u043d\u0438\u043a\u043e\u0432 1-\u0433\u043e \u043c\u0435\u0436\u0434\u0443\u043d\u0430\u0440\u043e\u0434\u043d\u043e\u0433\u043e \u041b\u0430\u0433\u0435\u0440\u044f \u0421\u0435\u0432\u0435\u0440\u043d\u043e\u0439 \u0425\u043e\u0434\u044c\u0431\u044b N\u016bJoMe-2016 \u2013 \u043c\u044b \u043f\u0440\u0438\u0433\u043b\u0430\u0448\u0430\u0435\u043c \u043d\u0430 \u043d\u043e\u0432\u043e\u0435 \u043c\u0435\u0440\u043e\u043f\u0440\u0438\u044f\u0442\u0438\u0435: 2-\u043e\u0439 \u043c\u0435\u0436\u0434\u0443\u043d\u0430\u0440\u043e\u0434\u043d\u044b\u0439 \u041b\u0430\u0433\u0435\u0440\u044c \u0421\u0435\u0432\u0435\u0440\u043d\u043e\u0439 \u0425\u043e\u0434\u044c\u0431\u044b, \u0439\u043e\u0433\u0438 \u0438 \u043c\u0435\u0434\u0438\u0442\u0430\u0446\u0438\u0438 N\u016bJoMe\u2122-2017 \u0432 \u041b\u0430\u0442\u0433\u0430\u043b\u0438\u0438, \u041b\u0430\u0442\u0432\u0438\u044f! 30 \u0438\u044e\u043d\u044f- 1-2 \u0438\u044e\u043b\u044f 2017 \u0433\u043e\u0434\u0430. \u0423\u043d\u0438\u043a\u0430\u043b\u044c\u043d\u043e\u0435 \u0441\u043e\u0447\u0435\u0442\u0430\u043d\u0438\u0435 3 \u043f\u0440\u0430\u043a\u0442\u0438\u043a \u0434\u043b\u044f \u0442\u0435\u043b\u0430 \u0438 \u0434\u0443\u0445\u0430 &#8211; \u0441\u0435\u0432\u0435\u0440\u043d\u0430\u044f \u0445\u043e\u0434\u044c\u0431\u0430 \u0441 \u043f\u0430\u043b\u043a\u0430\u043c\u0438 (Nordic Walking \u0438\u043b\u0438 n\u016bjo\u0161ana), \u0439\u043e\u0433\u0430 \u0438 \u043c\u0435\u0434\u0438\u0442\u0430\u0446\u0438\u044f \u0432 [&hellip;]<\/p>\n","protected":false},"author":1,"featured_media":0,"parent":270,"menu_order":3,"comment_status":"closed","ping_status":"closed","template":"","meta":{"footnotes":""},"class_list":["post-488","page","type-page","status-publish","hentry"],"_links":{"self":[{"href":"https:\/\/indrayoga.eu\/ru\/wp-json\/wp\/v2\/pages\/488","targetHints":{"allow":["GET"]}}],"collection":[{"href":"https:\/\/indrayoga.eu\/ru\/wp-json\/wp\/v2\/pages"}],"about":[{"href":"https:\/\/indrayoga.eu\/ru\/wp-json\/wp\/v2\/types\/page"}],"author":[{"embeddable":true,"href":"https:\/\/indrayoga.eu\/ru\/wp-json\/wp\/v2\/users\/1"}],"replies":[{"embeddable":true,"href":"https:\/\/indrayoga.eu\/ru\/wp-json\/wp\/v2\/comments?post=488"}],"version-history":[{"count":0,"href":"https:\/\/indrayoga.eu\/ru\/wp-json\/wp\/v2\/pages\/488\/revisions"}],"up":[{"embeddable":true,"href":"https:\/\/indrayoga.eu\/ru\/wp-json\/wp\/v2\/pages\/270"}],"wp:attachment":[{"href":"https:\/\/indrayoga.eu\/ru\/wp-json\/wp\/v2\/media?parent=488"}],"curies":[{"name":"wp","href":"https:\/\/api.w.org\/{rel}","templated":true}]}}