{"id":274,"date":"2015-06-16T04:27:38","date_gmt":"2015-06-16T04:27:38","guid":{"rendered":"http:\/\/indrayoga.eu\/?page_id=274"},"modified":"2025-04-30T08:13:02","modified_gmt":"2025-04-30T08:13:02","slug":"indraom-2015","status":"publish","type":"page","link":"https:\/\/indrayoga.eu\/ru\/contacts\/events\/indraom-2015\/","title":{"rendered":"\u041c\u0438\u043d\u0438-\u0444\u0435\u0441\u0442\u0438\u0432\u0430\u043b\u044c \u0419\u043e\u0433\u0438 \u0438 \u0417\u0434\u043e\u0440\u043e\u0432\u044c\u044f IndraOM! 2015"},"content":{"rendered":"<p><a href=\"http:\/\/indrayoga.eu\/wp-content\/uploads\/2015\/06\/IMG_3008.jpg\"><img loading=\"lazy\" decoding=\"async\" src=\"http:\/\/indrayoga.eu\/wp-content\/uploads\/2015\/06\/IMG_3008-300x224.jpg\" alt=\"IMG_3008\" width=\"300\" height=\"224\" class=\"alignleft size-medium wp-image-255\" srcset=\"https:\/\/indrayoga.eu\/wp-content\/uploads\/2015\/06\/IMG_3008-300x224.jpg 300w, https:\/\/indrayoga.eu\/wp-content\/uploads\/2015\/06\/IMG_3008-1024x765.jpg 1024w\" sizes=\"auto, (max-width: 300px) 100vw, 300px\" \/><\/a><br \/>\n\u041f\u044f\u0442\u043d\u0438\u0446\u0430, 12 \u0438\u044e\u043d\u044f 2015 \u0433.<\/p>\n<p>17:00 &#8211; 22:00 \u043f\u0440\u0438\u0431\u044b\u0442\u0438\u0435 \u0438 \u0440\u0430\u0437\u043c\u0435\u0449\u0435\u043d\u0438\u0435 \u0433\u043e\u0441\u0442\u0435\u0439 \u0438 \u043f\u0440\u0435\u043f\u043e\u0434\u0430\u0432\u0430\u0442\u0435\u043b\u0435\u0439.<br \/>\n20:00 &#8211; 20:30 \u0440\u0430\u0441\u0442\u043e\u043f\u043a\u0430 \u0431\u0430\u043d\u0438 \u0438 \u044f\u043f\u043e\u043d\u0441\u043a\u043e\u0439 \u0431\u043e\u0447\u043a\u0438 \u041e\u0444\u0443\u0440\u043e.<br \/>\n19:30 &#8211; 21:30 \u043d\u0435\u0444\u043e\u0440\u043c\u0430\u043b\u044c\u043d\u044b\u0439 \u0443\u0436\u0438\u043d, \u0437\u043d\u0430\u043a\u043e\u043c\u0441\u0442\u0432\u043e \u0443\u0447\u0430\u0441\u0442\u043d\u0438\u043a\u043e\u0432.<br \/>\n21:00 &#8211; 21:30 \u043e\u0440\u0438\u0435\u043d\u0442\u0430\u0446\u0438\u043e\u043d\u043d\u0430\u044f \u044d\u043a\u0441\u043a\u0443\u0440\u0441\u0438\u044f \u043f\u043e \u0442\u0435\u0440\u0440\u0438\u0442\u043e\u0440\u0438\u0438<br \/>\n21:45 &#8211; 21:59 \u043c\u0435\u0434\u0438\u0442\u0430\u0446\u0438\u044f \u043d\u0430 \u0437\u0430\u0445\u043e\u0434\u044f\u0449\u0435\u0435 \u0441\u043e\u043b\u043d\u0446\u0435, \u0442\u0440\u0430\u0442\u0430\u043a\u0430.<br \/>\n22:10 &#8211; 24:00 \u0431\u0430\u043d\u043d\u044b\u0435 \u043f\u0440\u043e\u0446\u0435\u0434\u0443\u0440\u044b, \u0447\u0430\u0439, \u0437\u0430\u043a\u0443\u0441\u043a\u0438, \u0438\u043c\u043f\u0440\u043e\u0432\u0438\u0437\u0430\u0446\u0438\u044f \u043c\u0443\u0437\u044b\u043a\u0430\u043d\u0442\u0430 \u0418\u0433\u043e\u0441\u0430 \u041b\u0435\u0439\u0442\u0430\u043d\u0441\u0430<br \/>\n24:00 &#8211; \u043e\u0442\u0431\u043e\u0439<\/p>\n<p>\u0421\u0443\u0431\u0431\u043e\u0442\u0430, 13 \u0438\u044e\u043d\u044f 2015 \u0433.<\/p>\n<p>04:00 &#8211; \u0440\u0430\u043d\u043d\u0438\u0439 \u043f\u043e\u0434\u044a\u0451\u043c (\u0434\u043b\u044f \u0443\u0447\u0430\u0441\u0442\u043d\u0438\u043a\u043e\u0432 \u0443\u0442\u0440\u0435\u043d\u043d\u0435\u0439 \u043c\u0435\u0434\u0438\u0442\u0430\u0446\u0438\u0438)<br \/>\n04:19 &#8211; 05:00 \u043c\u0435\u0434\u0438\u0442\u0430\u0446\u0438\u044f \u043d\u0430 \u0432\u043e\u0441\u0445\u043e\u0434\u044f\u0449\u0435\u0435 \u0441\u043e\u043b\u043d\u0446\u0435, \u0443\u0442\u0440\u0435\u043d\u043d\u0438\u0435 \u043f\u0440\u0430\u043d\u0430\u044f\u043c\u044b.<br \/>\n06:30 &#8211; \u043f\u043e\u0437\u0434\u043d\u0438\u0439 \u043f\u043e\u0434\u044a\u0451\u043c<br \/>\n07:00 &#8211; 08:45 \u0443\u0442\u0440\u0435\u043d\u043d\u044f\u044f \u0439\u043e\u0433\u0430 \u043f\u043e\u0434 \u0440\u0443\u043a\u043e\u0432\u043e\u0434\u0441\u0442\u0432\u043e\u043c \u0410\u043b\u0435\u043a\u0441\u0430\u043d\u0434\u0440\u0430 \u041b\u0430\u0445\u0442\u0438\u043e\u043d\u043e\u0432\u0430<br \/>\n09:00 &#8211; 09:45 \u0437\u0430\u0432\u0442\u0440\u0430\u043a<br \/>\n10:30 &#8211; 12:00 \u043b\u0435\u043a\u0446\u0438\u044f \u0434\u043e\u043a\u0442\u043e\u0440\u0430 \u0420\u0430\u0442\u0430\u043d\u0430. \u0412\u043e\u043f\u0440\u043e\u0441\u044b-\u043e\u0442\u0432\u0435\u0442\u044b.<br \/>\n12:00 &#8211; 13:00 \u043f\u043e\u0434\u0433\u043e\u0442\u043e\u0432\u043a\u0430 \u043e\u0431\u0435\u0434\u0430<br \/>\n13:00 &#8211; 14:00 \u043e\u0431\u0435\u0434<br \/>\n14:00 &#8211; 18:00 \u0441\u0432\u043e\u0431\u043e\u0434\u043d\u043e\u0435 \u0432\u0440\u0435\u043c\u044f, \u043d\u0435\u0444\u043e\u0440\u043c\u0430\u043b\u044c\u043d\u043e\u0435 \u043e\u0431\u0449\u0435\u043d\u0438\u0435, \u043f\u043b\u0430\u0432\u0430\u043d\u0438\u0435, \u0437\u0430\u0433\u043e\u0440\u0430\u043d\u0438\u0435, \u043e\u0433\u043e\u0440\u043e\u0434 \ud83d\ude42<br \/>\n14:00 &#8211; 16:30<br \/>\n\u041f\u0430\u0440\u0430\u043b\u043b\u0435\u043b\u044c\u043d\u043e:<br \/>\n\u043f\u0435\u0440\u0441\u043e\u043d\u0430\u043b\u044c\u043d\u044b\u0435 \u043a\u043e\u043d\u0441\u0443\u043b\u044c\u0442\u0430\u0446\u0438\u0438 \u0434\u043e\u043a\u0442\u043e\u0440\u0430 \u0420\u0430\u0442\u0430\u043d\u0430, \u043f\u0440\u043e\u0446\u0435\u0434\u0443\u0440\u044b.<br \/>\n15:00 &#8211; 17:00 \u043f\u0440\u0430\u043a\u0442\u0438\u0447\u0435\u0441\u043a\u0438\u0435 \u0437\u0430\u043d\u044f\u0442\u0438\u044f &#8211; \u0414\u0430\u043d\u0430- \u043f\u043b\u0435\u0442\u0435\u043d\u0438\u0435 \u043c\u0430\u043d\u0434\u0430\u043b.<br \/>\n\u041f\u0430\u0440\u0430\u043b\u043b\u0435\u043b\u044c\u043d\u043e:<br \/>\n15:00 &#8211; 17:00<br \/>\n\u043e\u0431\u0449\u0438\u0439 \u043f\u0440\u043e\u0435\u043a\u0442 \u0441\u0442\u0440\u043e\u0438\u0442\u0435\u043b\u044c\u0441\u0442\u0432\u0430 \u043f\u043e\u043b\u0435\u0437\u043d\u043e\u0433\u043e \u043e\u0431\u044a\u0435\u043a\u0442\u0430 \u043d\u0430 \u0442\u0435\u0440\u0440\u0438\u0442\u043e\u0440\u0438\u0438. \u041e\u0431\u043c\u0435\u043d \u043d\u0430\u0432\u044b\u043a\u0430\u043c\u0438.<br \/>\n17:00 &#8211; 18:00 \u043f\u0440\u0438\u0433\u043e\u0442\u043e\u0432\u043b\u0435\u043d\u0438\u0435 \u0443\u0436\u0438\u043d\u0430 \u043f\u043e\u0434 \u0440\u0443\u043a\u043e\u0432\u043e\u0434\u0441\u0442\u0432\u043e\u043c \u0434\u043e\u043a\u0442\u043e\u0440\u0430 \u0420\u0430\u0442\u0430\u043d\u0430 \u0441 \u0438\u043d\u0434\u0438\u0439\u0441\u043a\u0438\u043c\u0438 \u0441\u043f\u0435\u0446\u0438\u044f\u043c\u0438.<br \/>\n18:00 &#8211; 18:45 \u0443\u0436\u0438\u043d<br \/>\n19:00 &#8211; 19:45 \u043c\u0435\u0434\u0438\u0442\u0430\u0446\u0438\u044f &#8211; \u0410\u043b\u0435\u043a\u0441\u0430\u043d\u0434\u0440.<br \/>\n20:00 &#8211; 21:45 \u0432\u0435\u0447\u0435\u0440\u043d\u0438\u0439 \u043a\u043e\u043d\u0446\u0435\u0440\u0442. \u041a\u043e\u043a\u043b\u0435, \u043d\u0430\u0440\u043e\u0434\u043d\u044b\u0435 \u043f\u0435\u0441\u043d\u0438 &#8211; Ilze Me\u017eniece.<br \/>\n21:45 &#8211; 22:00 \u043c\u0435\u0434\u0438\u0442\u0430\u0446\u0438\u044f \u043d\u0430 \u0437\u0430\u0445\u043e\u0434\u044f\u0449\u0435\u0435 \u0441\u043e\u043b\u043d\u0446\u0435, \u0442\u0440\u0430\u0442\u0430\u043a\u0430.<br \/>\n22:05 &#8211; 24:00 \u0441\u0432\u043e\u0431\u043e\u0434\u043d\u043e\u0435 \u0432\u0440\u0435\u043c\u044f, \u043d\u0435\u0444\u043e\u0440\u043c\u0430\u043b\u044c\u043d\u043e\u0435 \u043e\u0431\u0449\u0435\u043d\u0438\u0435.<br \/>\n24:00 &#8211; \u043e\u0442\u0431\u043e\u0439<\/p>\n<p>\u0412\u043e\u0441\u043a\u0440\u0435\u0441\u0435\u043d\u044c\u0435, 14 \u0438\u044e\u043d\u044f 2015 \u0433.<br \/>\n04:00 &#8211; \u0440\u0430\u043d\u043d\u0438\u0439 \u043f\u043e\u0434\u044a\u0451\u043c (\u0434\u043b\u044f \u0443\u0447\u0430\u0441\u0442\u043d\u0438\u043a\u043e\u0432 \u0443\u0442\u0440\u0435\u043d\u043d\u0435\u0439 \u043c\u0435\u0434\u0438\u0442\u0430\u0446\u0438\u0438)<br \/>\n04:19 &#8211; 05:00 \u043c\u0435\u0434\u0438\u0442\u0430\u0446\u0438\u044f \u043d\u0430 \u0432\u043e\u0441\u0445\u043e\u0434\u044f\u0449\u0435\u0435 \u0441\u043e\u043b\u043d\u0446\u0435, \u0443\u0442\u0440\u0435\u043d\u043d\u0438\u0435 \u043f\u0440\u0430\u043d\u0430\u044f\u043c\u044b.<br \/>\n06:30 &#8211; \u043f\u043e\u0437\u0434\u043d\u0438\u0439 \u043f\u043e\u0434\u044a\u0451\u043c<br \/>\n07:00 &#8211; 08:45 \u0443\u0442\u0440\u0435\u043d\u043d\u044f\u044f \u0439\u043e\u0433\u0430 \u043f\u043e\u0434 \u0440\u0443\u043a\u043e\u0432\u043e\u0434\u0441\u0442\u0432\u043e\u043c \u0410\u043b\u0435\u043a\u0441\u0430\u043d\u0434\u0440\u0430 \u041b\u0430\u0445\u0442\u0438\u043e\u043d\u043e\u0432\u0430<br \/>\n09:00 &#8211; 09:45 \u0437\u0430\u0432\u0442\u0440\u0430\u043a<br \/>\n10:30 &#8211; 12:00 \u043b\u0435\u043a\u0446\u0438\u044f \u0434\u043e\u043a\u0442\u043e\u0440\u0430 \u0420\u0430\u043d\u0430\u043d\u0430. \u0412\u043e\u043f\u0440\u043e\u0441\u044b-\u043e\u0442\u0432\u0435\u0442\u044b.<br \/>\n12:00 &#8211; 13:00 \u043e\u0431\u0435\u0434<br \/>\n13:00 &#8211; 13:30 \u0437\u0430\u043a\u0440\u044b\u0442\u0438\u0435 \u0444\u0435\u0441\u0442\u0438\u0432\u0430\u043b\u044f, \u0443\u0431\u043e\u0440\u043a\u0430.<br \/>\n13:45 &#8211; \u043f\u0435\u0440\u0435\u0435\u0437\u0434 \u0432 \u0418\u043d\u0434\u0440\u0443 \u0434\u043b\u044f \u043f\u0440\u043e\u0441\u043c\u043e\u0442\u0440\u0430 \u043f\u0435\u0440\u0444\u043e\u043c\u0430\u043d\u0441\u0430 \u0441\u043e\u0432\u0440\u0435\u043c\u0435\u043d\u043d\u043e\u0433\u043e \u0442\u0430\u043d\u0446\u0430, \u043c\u0435\u0436\u0434\u0443\u043d\u0430\u0440\u043e\u0434\u043d\u044b\u0439 \u043f\u0440\u043e\u0435\u043a\u0442 \u041d\u043e\u0440\u0432\u0435\u0433\u0438\u044f-\u0414\u0430\u043d\u0438\u044f-\u041b\u0430\u0442\u0432\u0438\u044f &#8220;Me\u017eon\u012bg\u0101 trilo\u0123ija&#8221;.<br \/>\n<a href=\"http:\/\/indrayoga.eu\/?p=257\">\u041f\u043e\u0434\u0440\u043e\u0431\u043d\u043e\u0441\u0442\u0438 \u043e \u043f\u0440\u043e\u0435\u043a\u0442\u0435 \u0437\u0434\u0435\u0441\u044c.<\/a><\/p>","protected":false},"excerpt":{"rendered":"<p>\u041f\u044f\u0442\u043d\u0438\u0446\u0430, 12 \u0438\u044e\u043d\u044f 2015 \u0433. 17:00 &#8211; 22:00 \u043f\u0440\u0438\u0431\u044b\u0442\u0438\u0435 \u0438 \u0440\u0430\u0437\u043c\u0435\u0449\u0435\u043d\u0438\u0435 \u0433\u043e\u0441\u0442\u0435\u0439 \u0438 \u043f\u0440\u0435\u043f\u043e\u0434\u0430\u0432\u0430\u0442\u0435\u043b\u0435\u0439. 20:00 &#8211; 20:30 \u0440\u0430\u0441\u0442\u043e\u043f\u043a\u0430 \u0431\u0430\u043d\u0438 \u0438 \u044f\u043f\u043e\u043d\u0441\u043a\u043e\u0439 \u0431\u043e\u0447\u043a\u0438 \u041e\u0444\u0443\u0440\u043e. 19:30 &#8211; 21:30 \u043d\u0435\u0444\u043e\u0440\u043c\u0430\u043b\u044c\u043d\u044b\u0439 \u0443\u0436\u0438\u043d, \u0437\u043d\u0430\u043a\u043e\u043c\u0441\u0442\u0432\u043e \u0443\u0447\u0430\u0441\u0442\u043d\u0438\u043a\u043e\u0432. 21:00 &#8211; 21:30 \u043e\u0440\u0438\u0435\u043d\u0442\u0430\u0446\u0438\u043e\u043d\u043d\u0430\u044f \u044d\u043a\u0441\u043a\u0443\u0440\u0441\u0438\u044f \u043f\u043e \u0442\u0435\u0440\u0440\u0438\u0442\u043e\u0440\u0438\u0438 21:45 &#8211; 21:59 \u043c\u0435\u0434\u0438\u0442\u0430\u0446\u0438\u044f \u043d\u0430 \u0437\u0430\u0445\u043e\u0434\u044f\u0449\u0435\u0435 \u0441\u043e\u043b\u043d\u0446\u0435, \u0442\u0440\u0430\u0442\u0430\u043a\u0430. 22:10 &#8211; 24:00 \u0431\u0430\u043d\u043d\u044b\u0435 \u043f\u0440\u043e\u0446\u0435\u0434\u0443\u0440\u044b, \u0447\u0430\u0439, \u0437\u0430\u043a\u0443\u0441\u043a\u0438, \u0438\u043c\u043f\u0440\u043e\u0432\u0438\u0437\u0430\u0446\u0438\u044f \u043c\u0443\u0437\u044b\u043a\u0430\u043d\u0442\u0430 \u0418\u0433\u043e\u0441\u0430 [&hellip;]<\/p>\n","protected":false},"author":1,"featured_media":0,"parent":270,"menu_order":4,"comment_status":"closed","ping_status":"closed","template":"","meta":{"footnotes":""},"class_list":["post-274","page","type-page","status-publish","hentry"],"_links":{"self":[{"href":"https:\/\/indrayoga.eu\/ru\/wp-json\/wp\/v2\/pages\/274","targetHints":{"allow":["GET"]}}],"collection":[{"href":"https:\/\/indrayoga.eu\/ru\/wp-json\/wp\/v2\/pages"}],"about":[{"href":"https:\/\/indrayoga.eu\/ru\/wp-json\/wp\/v2\/types\/page"}],"author":[{"embeddable":true,"href":"https:\/\/indrayoga.eu\/ru\/wp-json\/wp\/v2\/users\/1"}],"replies":[{"embeddable":true,"href":"https:\/\/indrayoga.eu\/ru\/wp-json\/wp\/v2\/comments?post=274"}],"version-history":[{"count":0,"href":"https:\/\/indrayoga.eu\/ru\/wp-json\/wp\/v2\/pages\/274\/revisions"}],"up":[{"embeddable":true,"href":"https:\/\/indrayoga.eu\/ru\/wp-json\/wp\/v2\/pages\/270"}],"wp:attachment":[{"href":"https:\/\/indrayoga.eu\/ru\/wp-json\/wp\/v2\/media?parent=274"}],"curies":[{"name":"wp","href":"https:\/\/api.w.org\/{rel}","templated":true}]}}