{"id":212,"date":"2015-05-30T07:26:14","date_gmt":"2015-05-30T07:26:14","guid":{"rendered":"http:\/\/indrayoga.eu\/?page_id=212"},"modified":"2025-04-30T08:11:26","modified_gmt":"2025-04-30T08:11:26","slug":"cac","status":"publish","type":"page","link":"https:\/\/indrayoga.eu\/ru\/cac\/","title":{"rendered":"\u041e\u0431\u0449\u0435\u0441\u0442\u0432\u043e  \u201cCilv\u0113ka att\u012bst\u012bbas centrs\u201d (\u0421\u0410\u0421)&#8221; (\u0426\u0435\u043d\u0442\u0440 \u0420\u0430\u0437\u0432\u0438\u0442\u0438\u044f \u0427\u0435\u043b\u043e\u0432\u0435\u043a\u0430)"},"content":{"rendered":"<p>\u041e\u0431\u0449\u0435\u0441\u0442\u0432\u043e &#8220;\u0426\u0435\u043d\u0442\u0440 \u0440\u0430\u0437\u0432\u0438\u0442\u0438\u044f \u0447\u0435\u043b\u043e\u0432\u0435\u043a\u0430&#8221; (Biedr\u012bba &#8220;Cilv\u0113ka att\u012bst\u012bbas centrs&#8221;).<\/p>\n<p>\u0420\u0435\u0433\u0438\u0441\u0442\u0440\u0430\u0446\u0438\u043e\u043d\u043d\u044b\u0439\u043d\u043e\u043c\u0435\u0440: 40008213147<\/p>\n<p>\u0410\u0434\u0440\u0435\u0441: &#8220;Brama\u0146i&#8221;, Semjo\u0161ki, Indras pagasts, Kr\u0101slavas novads. (\u041b\u0430\u0442\u0432\u0438\u044f).<\/p>\n<p>\u0417\u0430\u0440\u0435\u0433\u0438\u0441\u0442\u0440\u0438\u0440\u043e\u0432\u0430\u043d\u043e: 09.08.2013<\/p>\n<p>\u041a\u043e\u043b\u0438\u0447\u0435\u0441\u0442\u0432\u043e \u0447\u043b\u0435\u043d\u043e\u0432: 10 (\u043d\u0430 1 \u043c\u0430\u044f 2016 \u0433.)<\/p>\n<p>\u0420\u0430\u0441\u0447\u0435\u0442\u043d\u044b\u0439 \u0441\u0447\u0451\u0442:<\/p>\n<p>Swedbank AS<br \/>\n<a>LV28HABA0551052177171<\/a><\/p>\n<p>Biedr\u012bba<br \/>\n&#8220;Cilv\u0113ka att\u012bst\u012bbas centrs&#8221;<\/p>\n<p>STAT\u016aTI (\u0423\u0441\u0442\u0430\u0432)<\/p>\n<p>1. Biedr\u012bbas nosaukums<br \/>\n1.1.Biedr\u012bbas nosaukums ir &#8220;Cilv\u0113ka att\u012bst\u012bbas centrs&#8221; (turpm\u0101k tekst\u0101 &#8211;<br \/>\nBiedr\u012bba).<\/p>\n<p>2. Biedr\u012bbas m\u0113r\u0137i.<br \/>\n2.1. Biedr\u012bbas m\u0113r\u0137i:<br \/>\nsabiedrisko aktivit\u0101\u0161u, apm\u0101c\u012bbu, sporta un cita br\u012bv\u0101 laika pavad\u012b\u0161anas aktivit\u0101\u0161u<br \/>\norganiz\u0113\u0161ana, kas sekm\u0113 cilv\u0113ka vesel\u012bgu dz\u012bvesveidu un t\u0101 att\u012bst\u012bbu,<br \/>\nda\u017e\u0101du tautu ritu\u0101lu un trad\u012bciju p\u0113t\u012b\u0161ana, izzin\u0101\u0161ana un rekonstru\u0113\u0161ana,<br \/>\norganiz\u0113t b\u0113rnu sporta pas\u0101kumus, lai veicin\u0101tu vesel\u012bgu dz\u012bvesveidu b\u0113rnu vid\u016b,<br \/>\natt\u012bst\u012bt infrastrukt\u016bru, kas ir nepiecie\u0161ama Biedr\u012bbas m\u0113r\u0137u sasnieg\u0161anai,<br \/>\nveikt labdar\u012bbas pas\u0101kumus, kas saist\u012bti ar pilsoniskas sabiedr\u012bbas izgl\u012bt\u012bbu,<br \/>\nveikt citas ar likumiem neaizliegtas darb\u012bbas augst\u0101k min\u0113tu m\u0113r\u0137u sasnieg\u0161anai.<\/p>\n<p>3. Biedr\u012bbas darb\u012bbas termi\u0146\u0161<br \/>\nBiedr\u012bba ir nodibin\u0101ta uz nenoteiktu laiku.<\/p>\n<p>4. Biedru iest\u0101\u0161an\u0101s Biedr\u012bb\u0101, izst\u0101\u0161an\u0101s un izsl\u0113g\u0161ana<br \/>\nBiedr\u012bb\u0101 var iest\u0101ties jebkura r\u012bc\u012bbsp\u0113j\u012bga fiziska un juridiska persona vai<br \/>\nties\u012bbspej\u012bga person\u0101lsabiedr\u012bba, iesniedzot noteiktas formas rakstisku<br \/>\npieteikumu.<br \/>\nPieteikuma formu un t\u0101m kl\u0101t pievienojamo dokumentu sarakstu nosaka<br \/>\nBiedr\u012bbas vaIde:<br \/>\nL\u0113mumu par biedra uz\u0146em\u0161anu Biedr\u012bb\u0101 pie\u0146em valde. Valdei pieteic\u0113ja<br \/>\nl\u016bgums ir j\u0101izskata tuv\u0101k\u0101s s\u0113des laik\u0101, ta\u010du ne ilg\u0101k k\u0101 divu ned\u0113\u013cu laik\u0101 no<br \/>\nvisu nepiecie\u0161amo dokumentu sa\u0146em\u0161anas br\u012b\u017ea. Uz valdes s\u0113di, kur\u0101 izskata<br \/>\npieteic\u0113ja l\u016bgumu, ir j\u0101uzaicina pats pieteic\u0113js un j\u0101dod vi\u0146am v\u0101rds sava<br \/>\nviedok\u013ca pau\u0161anai.<br \/>\nPieteic\u0113ja neiera\u0161an\u0101s nav \u0161\u0137\u0113rslis valdes l\u0113muma pie\u0146em\u0161anai. Valdei<br \/>\nmotiv\u0113ts l\u0113mums rakstveid\u0101 j\u0101pazi\u0146o pieteic\u0113jam ned\u0113\u013cas laik\u0101 no ta<br \/>\npie\u0146em\u0161anas br\u012b\u017ea;<br \/>\nValdes noraido\u0161o l\u0113mumu pieteic\u0113js rakstveida form\u0101 var p\u0101rs\u016bdz\u0113t<br \/>\nbiedru kopsapulc\u0113.<br \/>\nJa ar\u012b biedru kopsapulce noraida pieteic\u0113ja l\u016bgumu, pieteic\u0113js nav uz\u0146emts par<br \/>\nBiedr\u012bbas biedru, vi\u0146\u0161 var iesniegt atk\u0101rtotu pieteikumu ne \u0101tr\u0101k k\u0101 p\u0113c gada.<br \/>\nBiedr\u012bbas biedrs var jebkur\u0101 laika izst\u0101ties no Biedr\u012bbas, rakstveid\u0101<br \/>\npazi\u0146ojot par to valdei.<br \/>\nBiedru var izsl\u0113gt no Biedr\u012bbas ar valdes I\u0113mumu, ja:<br \/>\nbiedrs vair\u0101k k\u0101 3 (tr\u012bs) m\u0113ne\u0161us nav nomaks\u0101jis biedra naudu;<br \/>\nbiedrs nepilda kopsapulces un valdes l\u0113mumus;<br \/>\nbiedrs nepilda savus pien\u0101kumu un uz\u0146emt\u0101s saist\u012bbas;<br \/>\nbiedrs veic citu darb\u012bbu, kas ir pretrun\u0101 ar \u0161ajos stat\u016btos noteikto;<br \/>\nJaut\u0101jumu par Biedr\u012bbas biedra izsl\u0113g\u0161anu valde izskata tuv\u0101k\u0101s s\u0113des<br \/>\nlaik\u0101, uzaicinot izsl\u0113dzamo biedru un dodot vi\u0146am v\u0101rdu sava viedok\u013ca<br \/>\npau\u0161anai. IzsI\u0113dzam\u0101 biedra neiera\u0161an\u0101s nav \u0161\u0137\u0113rslis valdes l\u0113muma<br \/>\npie\u0146em\u0161anai. Valdei l\u0113mums par biedra izsl\u0113g\u0161anu no biedr\u012bbas un \u0161\u0101 l\u0113muma<br \/>\nmotiv\u0101cija j\u0101pazi\u0146o rakstveid\u0101 izsl\u0113dzamajam biedram piecu dienu laik\u0101 no t\u0101<br \/>\npie\u0146em\u0161anas br\u012b\u017ea.<\/p>\n<p>5. Biedru ties\u012bbas un pien\u0101kumi<br \/>\nBiedr\u012bbas biedriem ir \u0161\u0101das ties\u012bbas:<br \/>\npiedal\u012bties Biedr\u012bbas p\u0101rvald\u0113,<br \/>\nsa\u0146emt inform\u0101ciju par Biedr\u012bbas darb\u012bbu, tai skait\u0101 iepaz\u012bties ar visu<br \/>\nBiedr\u012bbas instit\u016bciju protokoliem, l\u0113mumiem un r\u012bkojumiem,<br \/>\npiedal\u012bties visos Biedr\u012bbas organiz\u0113tajos pas\u0101kumos, iesniegt priek\u0161likumus<br \/>\npar Biedr\u012bbas darb\u012bbu un tas uzlabo\u0161anu, aizst\u0101v\u0113t savu viedokli,<br \/>\nBiedr\u012bbas biedru pien\u0101kumi:<br \/>\niev\u0113rot Biedr\u012bbas stat\u016btus un pild\u012bt biedru sapulces un valdes l\u0113mumus,<br \/>\nregul\u0101ri maks\u0101t biedra naudu,<br \/>\nar savu akt\u012bvu I\u012bdzdarb\u012bbu atbalst\u012bt Biedr\u012bbas m\u0113r\u0137us un uzdevumu<br \/>\nrealiz\u0113\u0161anu,<br \/>\nSaist\u012bbas biedram var noteikt ar biedru sapulces vai valdes l\u0113mumu. Nosakot<br \/>\nbiedram saist\u012bbas, kas at\u0161\u0137iras no citu biedru saist\u012bb\u0101m, ir nepiecie\u0161ama \u0161\u0101 biedra<br \/>\npiekri\u0161ana.<br \/>\nBiedru sapulce lemj par biedru naudas apm\u0113ru un maks\u0101\u0161anas k\u0101rt\u012bbu.<\/p>\n<p>6. Biedr\u012bbas strukt\u016brvien\u012bba<br \/>\nAr biedru sapulces l\u0113mumu var tikt izveidotas Biedr\u012bbas teritori\u0101l\u0101s un citas<br \/>\nstrukt\u016brvien\u012bbas.<br \/>\nStrukt\u016brvien\u012bbas darb\u012bbu, ties\u012bbas un pien\u0101kumus, k\u0101 ar\u012b attiec\u012bbas ar Biedr\u012bbu<br \/>\nregul\u0113 strukt\u016brvien\u012bbas nolikums, ko apstiprina Biedr\u012bbas biedru sapulce.<\/p>\n<p>7. Biedru sapulces sasauk\u0161ana un I\u0113umu pie\u0146em\u0161ana<br \/>\nBiedru sapulce ir augst\u0101k\u0101 Biedr\u012bbas l\u0113m\u0113jinstit\u016bcija.<br \/>\nBiedru sapulc\u0113 ir ties\u012bgi piedal\u012bties visi Biedr\u012bbas biedri. Biedri var piedal\u012bties<br \/>\nbiedru sapulc\u0113 tikai person\u012bgi.<br \/>\nK\u0101rt\u0113j\u0101 biedru sapulce tiek sasaukta vienu reizi gad\u0101 un ne v\u0113l\u0101k k\u0101 I\u012bdz 31.martam.<br \/>\nK\u0101rtas biedru sapulce var tikt sasaukta p\u0113c valdes iniciat\u012bvas, vai ja to<br \/>\nrakstveid\u0101 pieprasa ne maz\u0101k k\u0101 viena desmit\u0101 da\u013ca Biedr\u012bbas biedru, nor\u0101dot<br \/>\nsasauk\u0161anas iemeslu.<br \/>\nBiedru sapulce tiek sasaukta, ne v\u0113l\u0101k ka divas ned\u0113\u013cas pirms sapulces,<br \/>\nnos\u016btot katram biedram rakstisku uzaicin\u0101jumu.<br \/>\nBiedru sapulce ir lemtties\u012bga, ja taj\u0101 piedal\u0101s vair\u0101k k\u0101 puse no biedriem.<br \/>\nJa biedru sapulce nav lemtties\u012bga kvoruma tr\u016bkuma d\u0113\u013c, tr\u012bs ned\u0113\u013cu laik\u0101 tiek<br \/>\nsasaukta atk\u0101rtota biedru sapulce, kas ir ties\u012bga pie\u0146emt l\u0113mumus neatkar\u012bgi no<br \/>\nkl\u0101teso\u0161o biedru skaita, ar nosac\u012bjumu, ka taj\u0101 piedal\u0101s vismaz divi biedri.<br \/>\nBiedru sapulces l\u0113mums ir pie\u0146emts, ja par to nobalso vair\u0101k k\u0101 puse no<br \/>\nkl\u0101teso\u0161ajiem biedriem. L\u0113mums par stat\u016btu groz\u012bjumiem, Biedr\u012bbas darb\u012bbas<br \/>\nizbeig\u0161anu un turpin\u0101\u0161anu ir pie\u0146emts, ja par to no balso vair\u0101k k\u0101 divas tre\u0161da\u013cas no<br \/>\nkl\u0101teso\u0161ajiem biedriem.<\/p>\n<p>8. Izpildinstit\u016bcija<br \/>\nBiedr\u012bbas izpildinstit\u016bcija ir valde, kura sast\u0101v no diviem valdes locek\u013ciem.<br \/>\nValdes locek\u013ci p\u0101rst\u0101v Biedr\u012bbu atsevi\u0161\u0137i.<br \/>\nValdes locek\u013ci no sava vidus iev\u0113l valdes priek\u0161s\u0113d\u0113t\u0101ju, kur\u0161 organiz\u0113 valdes<br \/>\ndarbu.<br \/>\nBiedru sapulce ar savu l\u0113mumu iev\u0113l\u0113 un atsauc valdes locek\u013cus.<br \/>\nValde ir ties\u012bga izlemt visus jaut\u0101jumus, kas nav vien\u012bgi biedru sapulces<br \/>\nkompetenc\u0113.<br \/>\nValdes locek\u013ci pilda savus pien\u0101kumus bez atl\u012bdz\u012bbas.<\/p>\n<p>9. Revidents<br \/>\nBiedr\u012bbas finansi\u0101l\u0101s un saimniecisk\u0101s darb\u012bbas kontroli veic revidents, kuru<br \/>\niev\u0113l biedru sapulce uz vienu gadu.<br \/>\nBiedr\u012bbas revidents nevar b\u016bt Biedr\u012bbas valdes loceklis.<br \/>\nRevidenta pien\u0101kumi:<br \/>\nveikt Biedr\u012bbas mantas un finan\u0161u l\u012bdzek\u013cu rev\u012bziju,<br \/>\ndot atzinumu par Biedr\u012bbas bud\u017eetu un gada p\u0101rskatu,<br \/>\nizv\u0113rt\u0113t Biedr\u012bbas gr\u0101matved\u012bbas un lietved\u012bbas darbu,<br \/>\nsniegt ieteikumus par Biedr\u012bbas finan\u0161u un saimniecisk\u0101s darb\u012bbas<br \/>\nuzlabo\u0161anu;<br \/>\nRevidents veic rev\u012bziju biedru sapulces noteiktajos termi\u0146os, bet ne ret\u0101k k\u0101<br \/>\nreizi gad\u0101.<br \/>\nBiedru sapulce apstiprina Biedr\u012bbas gada p\u0101rskatu tikai p\u0113c Revidenta<br \/>\natzinuma sa\u0146em\u0161anas.<\/p>\n<p>10. Biedru nauda<br \/>\nBiedru naudas apm\u0113rs un maks\u0101\u0161anas k\u0101rt\u012bba tiek noteikti ar atsevi\u0161\u0137o<br \/>\nBiedr\u012bbas biedru sapulci.<\/p>\n<p>Dibin\u0101t\u0101ji:<br \/>\nAleksandrs Lahtionovs<br \/>\nDana Lahtionova<\/p>\n<p>Stat\u016bti apstiprin\u0101ti Biedr\u012bbas dibin\u0101\u0161anas sapulc\u0113 &#8220;Brama\u0146i&#8221;, Semjo\u0161ki, Indras pag.,<br \/>\nKr\u0101slavas nov., 2013.gada 09.j\u016blija.<\/p>","protected":false},"excerpt":{"rendered":"<p>\u041e\u0431\u0449\u0435\u0441\u0442\u0432\u043e &#8220;\u0426\u0435\u043d\u0442\u0440 \u0440\u0430\u0437\u0432\u0438\u0442\u0438\u044f \u0447\u0435\u043b\u043e\u0432\u0435\u043a\u0430&#8221; (Biedr\u012bba &#8220;Cilv\u0113ka att\u012bst\u012bbas centrs&#8221;). \u0420\u0435\u0433\u0438\u0441\u0442\u0440\u0430\u0446\u0438\u043e\u043d\u043d\u044b\u0439\u043d\u043e\u043c\u0435\u0440: 40008213147 \u0410\u0434\u0440\u0435\u0441: &#8220;Brama\u0146i&#8221;, Semjo\u0161ki, Indras pagasts, Kr\u0101slavas novads. (\u041b\u0430\u0442\u0432\u0438\u044f). \u0417\u0430\u0440\u0435\u0433\u0438\u0441\u0442\u0440\u0438\u0440\u043e\u0432\u0430\u043d\u043e: 09.08.2013 \u041a\u043e\u043b\u0438\u0447\u0435\u0441\u0442\u0432\u043e \u0447\u043b\u0435\u043d\u043e\u0432: 10 (\u043d\u0430 1 \u043c\u0430\u044f 2016 \u0433.) \u0420\u0430\u0441\u0447\u0435\u0442\u043d\u044b\u0439 \u0441\u0447\u0451\u0442: Swedbank AS LV28HABA0551052177171 Biedr\u012bba &#8220;Cilv\u0113ka att\u012bst\u012bbas centrs&#8221; STAT\u016aTI (\u0423\u0441\u0442\u0430\u0432) 1. Biedr\u012bbas nosaukums 1.1.Biedr\u012bbas nosaukums ir &#8220;Cilv\u0113ka att\u012bst\u012bbas centrs&#8221; (turpm\u0101k tekst\u0101 &#8211; Biedr\u012bba). 2. Biedr\u012bbas m\u0113r\u0137i. [&hellip;]<\/p>\n","protected":false},"author":1,"featured_media":0,"parent":0,"menu_order":0,"comment_status":"closed","ping_status":"closed","template":"","meta":{"footnotes":""},"class_list":["post-212","page","type-page","status-publish","hentry"],"_links":{"self":[{"href":"https:\/\/indrayoga.eu\/ru\/wp-json\/wp\/v2\/pages\/212","targetHints":{"allow":["GET"]}}],"collection":[{"href":"https:\/\/indrayoga.eu\/ru\/wp-json\/wp\/v2\/pages"}],"about":[{"href":"https:\/\/indrayoga.eu\/ru\/wp-json\/wp\/v2\/types\/page"}],"author":[{"embeddable":true,"href":"https:\/\/indrayoga.eu\/ru\/wp-json\/wp\/v2\/users\/1"}],"replies":[{"embeddable":true,"href":"https:\/\/indrayoga.eu\/ru\/wp-json\/wp\/v2\/comments?post=212"}],"version-history":[{"count":0,"href":"https:\/\/indrayoga.eu\/ru\/wp-json\/wp\/v2\/pages\/212\/revisions"}],"wp:attachment":[{"href":"https:\/\/indrayoga.eu\/ru\/wp-json\/wp\/v2\/media?parent=212"}],"curies":[{"name":"wp","href":"https:\/\/api.w.org\/{rel}","templated":true}]}}